{"id":14,"date":"2021-09-19T12:01:02","date_gmt":"2021-09-19T12:01:02","guid":{"rendered":"https:\/\/mphi-it.si\/?page_id=14"},"modified":"2023-08-07T09:53:35","modified_gmt":"2023-08-07T09:53:35","slug":"about","status":"publish","type":"page","link":"https:\/\/mphi-it.si\/","title":{"rendered":"Predstavitev"},"content":{"rendered":"<div class=\"post-content\">\n<p>Na\u0161e podjetje je bilo ustanovljeno leta 2015 in se ukvarja s slede\u010dimi podro\u010dji:<\/p>\n\n\n\n<p><\/p>\n\n\n\n<p><strong>Informacijske tehnologije in omre\u017eja<\/strong><\/p>\n\n\n\n<ul class=\"wp-block-list\">\n<li>Servis osebnih ra\u010dunalnikov<\/li>\n\n\n\n<li>Vzpostavitev \u017ei\u010dnih in brez\u017ei\u010dnih internetnih omre\u017eij<\/li>\n\n\n\n<li>Pametne naprave in njihova povezljivost<\/li>\n<\/ul>\n\n\n\n<ul class=\"wp-block-list\">\n<li>Spletno ogla\u0161evanje<\/li>\n\n\n\n<li>Izdelava spletnih strani<\/li>\n\n\n\n<li>Digitalizacija <\/li>\n\n\n\n<li>Svetovanje<\/li>\n<\/ul>\n\n\n<div class=\"wp-block-image is-style-rounded\">\n<figure class=\"aligncenter size-large is-resized\"><img loading=\"lazy\" decoding=\"async\" src=\"https:\/\/mphi-it.si\/wp-content\/uploads\/2021\/09\/satellite_global_blockchain_bitcoin_cloud-100745991-large-1024x576.jpg\" alt=\"\" class=\"wp-image-72\" width=\"650\" height=\"366\" srcset=\"https:\/\/mphi-it.si\/wp-content\/uploads\/2021\/09\/satellite_global_blockchain_bitcoin_cloud-100745991-large-1024x576.jpg 1024w, https:\/\/mphi-it.si\/wp-content\/uploads\/2021\/09\/satellite_global_blockchain_bitcoin_cloud-100745991-large-300x169.jpg 300w, https:\/\/mphi-it.si\/wp-content\/uploads\/2021\/09\/satellite_global_blockchain_bitcoin_cloud-100745991-large-768x432.jpg 768w, https:\/\/mphi-it.si\/wp-content\/uploads\/2021\/09\/satellite_global_blockchain_bitcoin_cloud-100745991-large.jpg 1200w\" sizes=\"auto, (max-width: 650px) 100vw, 650px\" \/><\/figure>\n<\/div>\n\n\n<p><strong>Elektro<\/strong> <strong>storitve<\/strong><\/p>\n\n\n\n<ul class=\"wp-block-list\">\n<li>Izvajanje hi\u0161nih in industrijskih elektri\u010dnih in\u0161talacij  <\/li>\n\n\n\n<li>Servis elektri\u010dnih naprav in industrijskih strojev<\/li>\n\n\n\n<li>Servis gospodinjskih aparatov<\/li>\n\n\n\n<li>Svetovanje<\/li>\n<\/ul>\n\n\n<div class=\"wp-block-image is-style-rounded\">\n<figure class=\"aligncenter size-large is-resized\"><img loading=\"lazy\" decoding=\"async\" src=\"https:\/\/mphi-it.si\/wp-content\/uploads\/2021\/09\/20210119_152700-1024x576.jpg\" alt=\"\" class=\"wp-image-114\" width=\"698\" height=\"393\" srcset=\"https:\/\/mphi-it.si\/wp-content\/uploads\/2021\/09\/20210119_152700-1024x576.jpg 1024w, https:\/\/mphi-it.si\/wp-content\/uploads\/2021\/09\/20210119_152700-300x169.jpg 300w, https:\/\/mphi-it.si\/wp-content\/uploads\/2021\/09\/20210119_152700-768x432.jpg 768w, https:\/\/mphi-it.si\/wp-content\/uploads\/2021\/09\/20210119_152700-1536x864.jpg 1536w, https:\/\/mphi-it.si\/wp-content\/uploads\/2021\/09\/20210119_152700-2048x1152.jpg 2048w\" sizes=\"auto, (max-width: 698px) 100vw, 698px\" \/><\/figure>\n<\/div><\/div>","protected":false},"excerpt":{"rendered":"<p>Na\u0161e podjetje je bilo ustanovljeno leta 2015 in se ukvarja<a href=\"https:\/\/mphi-it.si\/\">Read More<i class=\"fa fa-long-arrow-right\" aria-hidden=\"true\"><\/i><\/a><\/p>\n","protected":false},"author":1,"featured_media":0,"parent":0,"menu_order":0,"comment_status":"closed","ping_status":"closed","template":"","meta":{"footnotes":""},"class_list":["post-14","page","type-page","status-publish","hentry"],"yoast_head":"<!-- This site is optimized with the Yoast SEO plugin v27.4 - https:\/\/yoast.com\/product\/yoast-seo-wordpress\/ -->\n<title>Predstavitev - Mphi-it.si<\/title>\n<meta name=\"robots\" content=\"index, follow, max-snippet:-1, max-image-preview:large, max-video-preview:-1\" \/>\n<link rel=\"canonical\" href=\"https:\/\/mphi-it.si\/\" \/>\n<meta property=\"og:locale\" content=\"en_US\" \/>\n<meta property=\"og:type\" content=\"article\" \/>\n<meta property=\"og:title\" content=\"Predstavitev - Mphi-it.si\" \/>\n<meta property=\"og:description\" content=\"Na\u0161e podjetje je bilo ustanovljeno leta 2015 in se ukvarjaRead More\" \/>\n<meta property=\"og:url\" content=\"https:\/\/mphi-it.si\/\" \/>\n<meta property=\"og:site_name\" content=\"Mphi-it.si\" \/>\n<meta property=\"article:modified_time\" content=\"2023-08-07T09:53:35+00:00\" \/>\n<meta property=\"og:image\" content=\"https:\/\/mphi-it.si\/wp-content\/uploads\/2021\/09\/satellite_global_blockchain_bitcoin_cloud-100745991-large-1024x576.jpg\" \/>\n<meta name=\"twitter:card\" content=\"summary_large_image\" \/>\n<meta name=\"twitter:label1\" content=\"Est. reading time\" \/>\n\t<meta name=\"twitter:data1\" content=\"1 minute\" \/>\n<script type=\"application\/ld+json\" class=\"yoast-schema-graph\">{\"@context\":\"https:\\\/\\\/schema.org\",\"@graph\":[{\"@type\":[\"WebPage\",\"AboutPage\"],\"@id\":\"https:\\\/\\\/mphi-it.si\\\/\",\"url\":\"https:\\\/\\\/mphi-it.si\\\/\",\"name\":\"Predstavitev - Mphi-it.si\",\"isPartOf\":{\"@id\":\"https:\\\/\\\/mphi-it.si\\\/#website\"},\"primaryImageOfPage\":{\"@id\":\"https:\\\/\\\/mphi-it.si\\\/#primaryimage\"},\"image\":{\"@id\":\"https:\\\/\\\/mphi-it.si\\\/#primaryimage\"},\"thumbnailUrl\":\"https:\\\/\\\/mphi-it.si\\\/wp-content\\\/uploads\\\/2021\\\/09\\\/satellite_global_blockchain_bitcoin_cloud-100745991-large-1024x576.jpg\",\"datePublished\":\"2021-09-19T12:01:02+00:00\",\"dateModified\":\"2023-08-07T09:53:35+00:00\",\"breadcrumb\":{\"@id\":\"https:\\\/\\\/mphi-it.si\\\/#breadcrumb\"},\"inLanguage\":\"en-US\",\"potentialAction\":[{\"@type\":\"ReadAction\",\"target\":[\"https:\\\/\\\/mphi-it.si\\\/\"]}]},{\"@type\":\"ImageObject\",\"inLanguage\":\"en-US\",\"@id\":\"https:\\\/\\\/mphi-it.si\\\/#primaryimage\",\"url\":\"https:\\\/\\\/mphi-it.si\\\/wp-content\\\/uploads\\\/2021\\\/09\\\/satellite_global_blockchain_bitcoin_cloud-100745991-large.jpg\",\"contentUrl\":\"https:\\\/\\\/mphi-it.si\\\/wp-content\\\/uploads\\\/2021\\\/09\\\/satellite_global_blockchain_bitcoin_cloud-100745991-large.jpg\",\"width\":1200,\"height\":675},{\"@type\":\"BreadcrumbList\",\"@id\":\"https:\\\/\\\/mphi-it.si\\\/#breadcrumb\",\"itemListElement\":[{\"@type\":\"ListItem\",\"position\":1,\"name\":\"Home\",\"item\":\"https:\\\/\\\/mphi-it.si\\\/\"},{\"@type\":\"ListItem\",\"position\":2,\"name\":\"Predstavitev\"}]},{\"@type\":\"WebSite\",\"@id\":\"https:\\\/\\\/mphi-it.si\\\/#website\",\"url\":\"https:\\\/\\\/mphi-it.si\\\/\",\"name\":\"Mphi-it.si\",\"description\":\"Mphi-it.si\",\"publisher\":{\"@id\":\"https:\\\/\\\/mphi-it.si\\\/#organization\"},\"potentialAction\":[{\"@type\":\"SearchAction\",\"target\":{\"@type\":\"EntryPoint\",\"urlTemplate\":\"https:\\\/\\\/mphi-it.si\\\/?s={search_term_string}\"},\"query-input\":{\"@type\":\"PropertyValueSpecification\",\"valueRequired\":true,\"valueName\":\"search_term_string\"}}],\"inLanguage\":\"en-US\"},{\"@type\":\"Organization\",\"@id\":\"https:\\\/\\\/mphi-it.si\\\/#organization\",\"name\":\"Mphi-it.si\",\"url\":\"https:\\\/\\\/mphi-it.si\\\/\",\"logo\":{\"@type\":\"ImageObject\",\"inLanguage\":\"en-US\",\"@id\":\"https:\\\/\\\/mphi-it.si\\\/#\\\/schema\\\/logo\\\/image\\\/\",\"url\":\"https:\\\/\\\/mphi-it.si\\\/wp-content\\\/uploads\\\/2024\\\/03\\\/cropped-Adobe_Express_20240307_2012200_3.png\",\"contentUrl\":\"https:\\\/\\\/mphi-it.si\\\/wp-content\\\/uploads\\\/2024\\\/03\\\/cropped-Adobe_Express_20240307_2012200_3.png\",\"width\":2557,\"height\":850,\"caption\":\"Mphi-it.si\"},\"image\":{\"@id\":\"https:\\\/\\\/mphi-it.si\\\/#\\\/schema\\\/logo\\\/image\\\/\"}}]}<\/script>\n<!-- \/ Yoast SEO plugin. -->","yoast_head_json":{"title":"Predstavitev - Mphi-it.si","robots":{"index":"index","follow":"follow","max-snippet":"max-snippet:-1","max-image-preview":"max-image-preview:large","max-video-preview":"max-video-preview:-1"},"canonical":"https:\/\/mphi-it.si\/","og_locale":"en_US","og_type":"article","og_title":"Predstavitev - Mphi-it.si","og_description":"Na\u0161e podjetje je bilo ustanovljeno leta 2015 in se ukvarjaRead More","og_url":"https:\/\/mphi-it.si\/","og_site_name":"Mphi-it.si","article_modified_time":"2023-08-07T09:53:35+00:00","og_image":[{"url":"https:\/\/mphi-it.si\/wp-content\/uploads\/2021\/09\/satellite_global_blockchain_bitcoin_cloud-100745991-large-1024x576.jpg","type":"","width":"","height":""}],"twitter_card":"summary_large_image","twitter_misc":{"Est. reading time":"1 minute"},"schema":{"@context":"https:\/\/schema.org","@graph":[{"@type":["WebPage","AboutPage"],"@id":"https:\/\/mphi-it.si\/","url":"https:\/\/mphi-it.si\/","name":"Predstavitev - Mphi-it.si","isPartOf":{"@id":"https:\/\/mphi-it.si\/#website"},"primaryImageOfPage":{"@id":"https:\/\/mphi-it.si\/#primaryimage"},"image":{"@id":"https:\/\/mphi-it.si\/#primaryimage"},"thumbnailUrl":"https:\/\/mphi-it.si\/wp-content\/uploads\/2021\/09\/satellite_global_blockchain_bitcoin_cloud-100745991-large-1024x576.jpg","datePublished":"2021-09-19T12:01:02+00:00","dateModified":"2023-08-07T09:53:35+00:00","breadcrumb":{"@id":"https:\/\/mphi-it.si\/#breadcrumb"},"inLanguage":"en-US","potentialAction":[{"@type":"ReadAction","target":["https:\/\/mphi-it.si\/"]}]},{"@type":"ImageObject","inLanguage":"en-US","@id":"https:\/\/mphi-it.si\/#primaryimage","url":"https:\/\/mphi-it.si\/wp-content\/uploads\/2021\/09\/satellite_global_blockchain_bitcoin_cloud-100745991-large.jpg","contentUrl":"https:\/\/mphi-it.si\/wp-content\/uploads\/2021\/09\/satellite_global_blockchain_bitcoin_cloud-100745991-large.jpg","width":1200,"height":675},{"@type":"BreadcrumbList","@id":"https:\/\/mphi-it.si\/#breadcrumb","itemListElement":[{"@type":"ListItem","position":1,"name":"Home","item":"https:\/\/mphi-it.si\/"},{"@type":"ListItem","position":2,"name":"Predstavitev"}]},{"@type":"WebSite","@id":"https:\/\/mphi-it.si\/#website","url":"https:\/\/mphi-it.si\/","name":"Mphi-it.si","description":"Mphi-it.si","publisher":{"@id":"https:\/\/mphi-it.si\/#organization"},"potentialAction":[{"@type":"SearchAction","target":{"@type":"EntryPoint","urlTemplate":"https:\/\/mphi-it.si\/?s={search_term_string}"},"query-input":{"@type":"PropertyValueSpecification","valueRequired":true,"valueName":"search_term_string"}}],"inLanguage":"en-US"},{"@type":"Organization","@id":"https:\/\/mphi-it.si\/#organization","name":"Mphi-it.si","url":"https:\/\/mphi-it.si\/","logo":{"@type":"ImageObject","inLanguage":"en-US","@id":"https:\/\/mphi-it.si\/#\/schema\/logo\/image\/","url":"https:\/\/mphi-it.si\/wp-content\/uploads\/2024\/03\/cropped-Adobe_Express_20240307_2012200_3.png","contentUrl":"https:\/\/mphi-it.si\/wp-content\/uploads\/2024\/03\/cropped-Adobe_Express_20240307_2012200_3.png","width":2557,"height":850,"caption":"Mphi-it.si"},"image":{"@id":"https:\/\/mphi-it.si\/#\/schema\/logo\/image\/"}}]}},"_links":{"self":[{"href":"https:\/\/mphi-it.si\/index.php\/wp-json\/wp\/v2\/pages\/14","targetHints":{"allow":["GET"]}}],"collection":[{"href":"https:\/\/mphi-it.si\/index.php\/wp-json\/wp\/v2\/pages"}],"about":[{"href":"https:\/\/mphi-it.si\/index.php\/wp-json\/wp\/v2\/types\/page"}],"author":[{"embeddable":true,"href":"https:\/\/mphi-it.si\/index.php\/wp-json\/wp\/v2\/users\/1"}],"replies":[{"embeddable":true,"href":"https:\/\/mphi-it.si\/index.php\/wp-json\/wp\/v2\/comments?post=14"}],"version-history":[{"count":7,"href":"https:\/\/mphi-it.si\/index.php\/wp-json\/wp\/v2\/pages\/14\/revisions"}],"predecessor-version":[{"id":189,"href":"https:\/\/mphi-it.si\/index.php\/wp-json\/wp\/v2\/pages\/14\/revisions\/189"}],"wp:attachment":[{"href":"https:\/\/mphi-it.si\/index.php\/wp-json\/wp\/v2\/media?parent=14"}],"curies":[{"name":"wp","href":"https:\/\/api.w.org\/{rel}","templated":true}]}}